{"id":94,"date":"2017-08-22T11:07:06","date_gmt":"2017-08-22T09:07:06","guid":{"rendered":"http:\/\/www.ecolelacroisette.be\/?page_id=94"},"modified":"2022-07-12T13:33:25","modified_gmt":"2022-07-12T11:33:25","slug":"absences","status":"publish","type":"page","link":"https:\/\/www.ecolelacroisette.be\/index.php\/infos-pratiques\/absences\/","title":{"rendered":"Absences"},"content":{"rendered":"\n<ul><li>En 1\u00e8 et 2\u00e8 maternelle, il est demand\u00e9 de pr\u00e9venir toute absence m\u00eame si l&rsquo;enfant n&rsquo;est pas soumis \u00e0 l&rsquo;obligation scolaire.<\/li><li>D\u00e8s la 3\u00e8 maternelle, les enfants sont soumis \u00e0 l&rsquo;obligation scolaire: d\u00e8s lors, toute absence doit obligatoirement \u00eatre signal\u00e9e par t\u00e9l\u00e9phone ou email d\u00e8s le d\u00e9but des cours et doit \u00eatre justifi\u00e9e.<\/li><li>Pour les absences inf\u00e9rieures ou \u00e9gales 3 jours, un justificatif d&rsquo;absence (voir mod\u00e8le officiel remis en d\u00e9but d&rsquo;ann\u00e9e scolaire et ci-dessous) doit \u00eatre remis le jour du retour. Pour les absences de plus de 3 jours, un certificat m\u00e9dical est \u00e0 remettre au titulaire de classe. <\/li><\/ul>\n\n\n\n<div class=\"wp-block-file\"><a href=\"https:\/\/www.ecolelacroisette.be\/wp-content\/uploads\/2022\/07\/JUST-ABS.pdf\">JUSTIFICATIF ABSENCE<\/a><a href=\"https:\/\/www.ecolelacroisette.be\/wp-content\/uploads\/2022\/07\/JUST-ABS.pdf\" class=\"wp-block-file__button\" download>T\u00e9l\u00e9charger<\/a><\/div>\n\n\n\n<p><\/p>\n","protected":false},"excerpt":{"rendered":"<p>En 1\u00e8 et 2\u00e8 maternelle, il est demand\u00e9 de pr\u00e9venir toute absence m\u00eame si l&rsquo;enfant n&rsquo;est pas soumis \u00e0 l&rsquo;obligation scolaire. D\u00e8s la 3\u00e8 maternelle, les enfants sont soumis \u00e0 l&rsquo;obligation scolaire: d\u00e8s lors, toute absence doit obligatoirement \u00eatre signal\u00e9e par t\u00e9l\u00e9phone ou email d\u00e8s le d\u00e9but des cours et doit \u00eatre justifi\u00e9e. Pour les&hellip;<\/p>\n","protected":false},"author":2,"featured_media":0,"parent":52,"menu_order":0,"comment_status":"closed","ping_status":"closed","template":"","meta":[],"_links":{"self":[{"href":"https:\/\/www.ecolelacroisette.be\/index.php\/wp-json\/wp\/v2\/pages\/94"}],"collection":[{"href":"https:\/\/www.ecolelacroisette.be\/index.php\/wp-json\/wp\/v2\/pages"}],"about":[{"href":"https:\/\/www.ecolelacroisette.be\/index.php\/wp-json\/wp\/v2\/types\/page"}],"author":[{"embeddable":true,"href":"https:\/\/www.ecolelacroisette.be\/index.php\/wp-json\/wp\/v2\/users\/2"}],"replies":[{"embeddable":true,"href":"https:\/\/www.ecolelacroisette.be\/index.php\/wp-json\/wp\/v2\/comments?post=94"}],"version-history":[{"count":3,"href":"https:\/\/www.ecolelacroisette.be\/index.php\/wp-json\/wp\/v2\/pages\/94\/revisions"}],"predecessor-version":[{"id":182062,"href":"https:\/\/www.ecolelacroisette.be\/index.php\/wp-json\/wp\/v2\/pages\/94\/revisions\/182062"}],"up":[{"embeddable":true,"href":"https:\/\/www.ecolelacroisette.be\/index.php\/wp-json\/wp\/v2\/pages\/52"}],"wp:attachment":[{"href":"https:\/\/www.ecolelacroisette.be\/index.php\/wp-json\/wp\/v2\/media?parent=94"}],"curies":[{"name":"wp","href":"https:\/\/api.w.org\/{rel}","templated":true}]}}