{"id":60,"date":"2017-08-22T10:27:14","date_gmt":"2017-08-22T08:27:14","guid":{"rendered":"http:\/\/www.ecolelacroisette.be\/?page_id=60"},"modified":"2025-08-19T13:55:30","modified_gmt":"2025-08-19T11:55:30","slug":"les-projets","status":"publish","type":"page","link":"https:\/\/www.ecolelacroisette.be\/index.php\/a-propos-de\/les-projets\/","title":{"rendered":"L&rsquo;\u00e9quipe"},"content":{"rendered":"<p><strong>Madame Delphine\u00a0<\/strong><br \/><em>Classe d\u2019accueil et premi\u00e8re maternelle<\/em><\/p>\n<p><strong>Madame Allison<\/strong><br \/><em>Premi\u00e8re, deuxi\u00e8me et troisi\u00e8me maternelle<\/em><\/p>\n<p><strong>Madame Val\u00e9rie\u00a0<\/strong><br \/><em>Premi\u00e8re et deuxi\u00e8me primaire<br \/><\/em><\/p>\n<p><strong>Madame Nathalie\u00a0<\/strong><br \/><em>Troisi\u00e8me et quatri\u00e8me primaire primaire<\/em><\/p>\n<p><b>Madame Caroline<\/b><br \/><em>Cinqui\u00e8me et sixi\u00e8me primaire<\/em><\/p>\n<p><strong>Monsieur Vincent\u00a0<\/strong><br \/><em>Directeur<\/em><em><br \/><\/em><\/p>\n<p>Mais \u00e9galement&#8230;<br \/><strong>Madame Isabelle<\/strong> (accueil du matin, du midi et du soir), <br \/><strong>Madame Catherine<\/strong> (psychomotricit\u00e9), <strong>Madame C\u00e9cile<\/strong> (religion catholique), <strong>Madame Marie<\/strong> (citoyennet\u00e9), <strong>Madame Nathalie<\/strong> (n\u00e9erlandais), <strong>Monsieur S\u00e9bastien<\/strong> (\u00e9ducation physique) et <strong>Monsieur Patrick<\/strong> (morale)<\/p>\n\n\n<figure class=\"wp-block-gallery columns-0 is-cropped\"><ul class=\"blocks-gallery-grid\"><\/ul><\/figure>\n","protected":false},"excerpt":{"rendered":"<p>Madame Delphine\u00a0Classe d\u2019accueil et premi\u00e8re maternelle Madame AllisonPremi\u00e8re, deuxi\u00e8me et troisi\u00e8me maternelle Madame Val\u00e9rie\u00a0Premi\u00e8re et deuxi\u00e8me primaire Madame Nathalie\u00a0Troisi\u00e8me et quatri\u00e8me primaire primaire Madame CarolineCinqui\u00e8me et sixi\u00e8me primaire Monsieur Vincent\u00a0Directeur Mais \u00e9galement&#8230;Madame Isabelle (accueil du matin, du midi et du soir), Madame Catherine (psychomotricit\u00e9), Madame C\u00e9cile (religion catholique), Madame Marie (citoyennet\u00e9), Madame Nathalie (n\u00e9erlandais), Monsieur&hellip;<\/p>\n","protected":false},"author":1,"featured_media":0,"parent":8,"menu_order":0,"comment_status":"closed","ping_status":"closed","template":"","meta":[],"_links":{"self":[{"href":"https:\/\/www.ecolelacroisette.be\/index.php\/wp-json\/wp\/v2\/pages\/60"}],"collection":[{"href":"https:\/\/www.ecolelacroisette.be\/index.php\/wp-json\/wp\/v2\/pages"}],"about":[{"href":"https:\/\/www.ecolelacroisette.be\/index.php\/wp-json\/wp\/v2\/types\/page"}],"author":[{"embeddable":true,"href":"https:\/\/www.ecolelacroisette.be\/index.php\/wp-json\/wp\/v2\/users\/1"}],"replies":[{"embeddable":true,"href":"https:\/\/www.ecolelacroisette.be\/index.php\/wp-json\/wp\/v2\/comments?post=60"}],"version-history":[{"count":19,"href":"https:\/\/www.ecolelacroisette.be\/index.php\/wp-json\/wp\/v2\/pages\/60\/revisions"}],"predecessor-version":[{"id":189883,"href":"https:\/\/www.ecolelacroisette.be\/index.php\/wp-json\/wp\/v2\/pages\/60\/revisions\/189883"}],"up":[{"embeddable":true,"href":"https:\/\/www.ecolelacroisette.be\/index.php\/wp-json\/wp\/v2\/pages\/8"}],"wp:attachment":[{"href":"https:\/\/www.ecolelacroisette.be\/index.php\/wp-json\/wp\/v2\/media?parent=60"}],"curies":[{"name":"wp","href":"https:\/\/api.w.org\/{rel}","templated":true}]}}