{"id":33,"date":"2017-08-21T15:39:44","date_gmt":"2017-08-21T13:39:44","guid":{"rendered":"http:\/\/ecolelacroisette.be\/?page_id=33"},"modified":"2025-08-19T14:16:52","modified_gmt":"2025-08-19T12:16:52","slug":"ephemerides","status":"publish","type":"page","link":"https:\/\/www.ecolelacroisette.be\/index.php\/infos-pratiques\/ephemerides\/","title":{"rendered":"Eph\u00e9m\u00e9rides"},"content":{"rendered":"\n<figure class=\"wp-block-table\"><table><tbody><tr><td>Rentr\u00e9e scolaire 2025-26<\/td><td>Le lundi 25 ao\u00fbt 2025<\/td><\/tr><tr><td>F\u00eate de la F\u00e9d\u00e9ration<br>Wallonie-Bruxelles<\/td><td>Le samedi 27 septembre 2025<\/td><\/tr><tr><td>Vacances d&rsquo;automne (de Toussaint)\u00a0<\/td><td>Du lundi 20 octobre 2025 au vendredi 31 octobre 2025<\/td><\/tr><tr><td>Comm\u00e9moration du 11 novembre<\/td><td>Le mardi 11 novembre 2025<\/td><\/tr><tr><td>Vacances d&rsquo;hiver (No\u00ebl)<\/td><td>Du lundi 22 d\u00e9cembre 2025 au vendredi 2 janvier 2026\u00a0<\/td><\/tr><tr><td>Cong\u00e9 de d\u00e9tente (Carnaval)<\/td><td>Du lundi 16 f\u00e9vrier 2026 au vendredi 27 f\u00e9vrier 2026<\/td><\/tr><tr><td>Lundi de P\u00e2ques<\/td><td>Le lundi 6 avril 2026<\/td><\/tr><tr><td>Vacances de printemps (P\u00e2ques)<\/td><td>Du lundi 27 avril 2026 au vendredi 8 mai 2026<\/td><\/tr><tr><td>F\u00eate du 1er&nbsp;mai<\/td><td>Le vendredi 1er mai 2026<\/td><\/tr><tr><td>Cong\u00e9 de l&rsquo;Ascension<\/td><td>Le jeudi 14 mai 2026\u00a0<\/td><\/tr><tr><td>Cong\u00e9 du Lundi de Pentec\u00f4te<\/td><td>Le lundi 25 mai 2026<\/td><\/tr><tr><td>D\u00e9but des vacances d&rsquo;\u00e9t\u00e9<\/td><td>Le lundi 6 juillet 2026<\/td><\/tr><\/tbody><\/table><\/figure>\n","protected":false},"excerpt":{"rendered":"<p>Rentr\u00e9e scolaire 2025-26 Le lundi 25 ao\u00fbt 2025 F\u00eate de la F\u00e9d\u00e9rationWallonie-Bruxelles Le samedi 27 septembre 2025 Vacances d&rsquo;automne (de Toussaint)\u00a0 Du lundi 20 octobre 2025 au vendredi 31 octobre 2025 Comm\u00e9moration du 11 novembre Le mardi 11 novembre 2025 Vacances d&rsquo;hiver (No\u00ebl) Du lundi 22 d\u00e9cembre 2025 au vendredi 2 janvier 2026\u00a0 Cong\u00e9 de&hellip;<\/p>\n","protected":false},"author":2,"featured_media":0,"parent":52,"menu_order":0,"comment_status":"closed","ping_status":"closed","template":"","meta":[],"_links":{"self":[{"href":"https:\/\/www.ecolelacroisette.be\/index.php\/wp-json\/wp\/v2\/pages\/33"}],"collection":[{"href":"https:\/\/www.ecolelacroisette.be\/index.php\/wp-json\/wp\/v2\/pages"}],"about":[{"href":"https:\/\/www.ecolelacroisette.be\/index.php\/wp-json\/wp\/v2\/types\/page"}],"author":[{"embeddable":true,"href":"https:\/\/www.ecolelacroisette.be\/index.php\/wp-json\/wp\/v2\/users\/2"}],"replies":[{"embeddable":true,"href":"https:\/\/www.ecolelacroisette.be\/index.php\/wp-json\/wp\/v2\/comments?post=33"}],"version-history":[{"count":4,"href":"https:\/\/www.ecolelacroisette.be\/index.php\/wp-json\/wp\/v2\/pages\/33\/revisions"}],"predecessor-version":[{"id":189890,"href":"https:\/\/www.ecolelacroisette.be\/index.php\/wp-json\/wp\/v2\/pages\/33\/revisions\/189890"}],"up":[{"embeddable":true,"href":"https:\/\/www.ecolelacroisette.be\/index.php\/wp-json\/wp\/v2\/pages\/52"}],"wp:attachment":[{"href":"https:\/\/www.ecolelacroisette.be\/index.php\/wp-json\/wp\/v2\/media?parent=33"}],"curies":[{"name":"wp","href":"https:\/\/api.w.org\/{rel}","templated":true}]}}