{"id":31,"date":"2017-08-21T15:39:03","date_gmt":"2017-08-21T13:39:03","guid":{"rendered":"http:\/\/ecolelacroisette.be\/?page_id=31"},"modified":"2025-08-19T13:59:42","modified_gmt":"2025-08-19T11:59:42","slug":"projets","status":"publish","type":"page","link":"https:\/\/www.ecolelacroisette.be\/index.php\/a-propos-de\/projets\/","title":{"rendered":"Projets"},"content":{"rendered":"<p><a href=\"http:\/\/www.ecolelacroisette.be\/wp-content\/uploads\/2017\/08\/Projet-p\u00e9dagogique.pdf\" target=\"_blank\" rel=\"noopener noreferrer\"><img loading=\"lazy\" class=\"size-medium wp-image-121 alignright\" src=\"http:\/\/www.ecolelacroisette.be\/wp-content\/uploads\/2017\/08\/pdf-adobe.png\" alt=\"\" width=\"128\" height=\"128\" \/><\/a><\/p>\n<h1><strong>Projet p\u00e9dagogique\u00a0<\/strong><\/h1>\n<blockquote><p>L\u2019enfant, centre du projet, pourra construire des savoirs,<\/p>\n<p>les int\u00e9grer et les r\u00e9investir au quotidien.<\/p>\n<p>Tel est notre d\u00e9fi.<\/p><\/blockquote>\n<h1><strong><a href=\"http:\/\/www.ecolelacroisette.be\/wp-content\/uploads\/2017\/08\/Projet-\u00e9ducatif.pdf\" target=\"_blank\" rel=\"noopener noreferrer\"><img loading=\"lazy\" class=\"size-full wp-image-121 alignright\" src=\"http:\/\/www.ecolelacroisette.be\/wp-content\/uploads\/2017\/08\/pdf-adobe.png\" alt=\"\" width=\"128\" height=\"128\" \/><\/a>Projet \u00e9ducatif\u00a0<\/strong><\/h1>\n<blockquote><p>S\u2019il n\u2019y avait pas l\u2019enfant \u00e0 \u00e9lever, \u00e0 prot\u00e9ger, \u00e0 instruire et<\/p>\n<p>\u00e0 transformer en homme pour demain, l\u2019homme d\u2019aujourd\u2019hui deviendrait<\/p>\n<p>un non-sens et pourrait dispara\u00eetre. D. Decroly<\/p><\/blockquote>\n<p><a href=\"http:\/\/www.ecolelacroisette.be\/wp-content\/uploads\/2025\/08\/PROJET-ETABLISSEMENT-LA-CROISETTE-2025-2026.pdf\" target=\"_blank\" rel=\"noopener noreferrer\"><img loading=\"lazy\" class=\"alignright wp-image-121 size-full\" src=\"http:\/\/www.ecolelacroisette.be\/wp-content\/uploads\/2017\/08\/pdf-adobe.png\" alt=\"\" width=\"128\" height=\"128\" \/><\/a><\/p>\n<h1><strong>Le projet d&rsquo;\u00e9tablissement<br \/>\n<\/strong><strong>2025-2026\u00a0<\/strong><\/h1>\n<blockquote><p>\u00ab\u00a0Travailler les UNS AVEC LES AUTRES,<\/p>\n<p>Apprendre LES UNS DES AUTRES,<\/p>\n<p>Vivre LES UNS POUR LES AUTRES\u00a0\u00bb<\/p><\/blockquote>\n<h1><\/h1>\n<h1><\/h1>\n","protected":false},"excerpt":{"rendered":"<p>Projet p\u00e9dagogique\u00a0 L\u2019enfant, centre du projet, pourra construire des savoirs, les int\u00e9grer et les r\u00e9investir au quotidien. Tel est notre d\u00e9fi. Projet \u00e9ducatif\u00a0 S\u2019il n\u2019y avait pas l\u2019enfant \u00e0 \u00e9lever, \u00e0 prot\u00e9ger, \u00e0 instruire et \u00e0 transformer en homme pour demain, l\u2019homme d\u2019aujourd\u2019hui deviendrait un non-sens et pourrait dispara\u00eetre. D. Decroly Le projet d&rsquo;\u00e9tablissement 2025-2026\u00a0&hellip;<\/p>\n","protected":false},"author":1,"featured_media":0,"parent":8,"menu_order":0,"comment_status":"closed","ping_status":"closed","template":"","meta":[],"_links":{"self":[{"href":"https:\/\/www.ecolelacroisette.be\/index.php\/wp-json\/wp\/v2\/pages\/31"}],"collection":[{"href":"https:\/\/www.ecolelacroisette.be\/index.php\/wp-json\/wp\/v2\/pages"}],"about":[{"href":"https:\/\/www.ecolelacroisette.be\/index.php\/wp-json\/wp\/v2\/types\/page"}],"author":[{"embeddable":true,"href":"https:\/\/www.ecolelacroisette.be\/index.php\/wp-json\/wp\/v2\/users\/1"}],"replies":[{"embeddable":true,"href":"https:\/\/www.ecolelacroisette.be\/index.php\/wp-json\/wp\/v2\/comments?post=31"}],"version-history":[{"count":21,"href":"https:\/\/www.ecolelacroisette.be\/index.php\/wp-json\/wp\/v2\/pages\/31\/revisions"}],"predecessor-version":[{"id":189887,"href":"https:\/\/www.ecolelacroisette.be\/index.php\/wp-json\/wp\/v2\/pages\/31\/revisions\/189887"}],"up":[{"embeddable":true,"href":"https:\/\/www.ecolelacroisette.be\/index.php\/wp-json\/wp\/v2\/pages\/8"}],"wp:attachment":[{"href":"https:\/\/www.ecolelacroisette.be\/index.php\/wp-json\/wp\/v2\/media?parent=31"}],"curies":[{"name":"wp","href":"https:\/\/api.w.org\/{rel}","templated":true}]}}