{"id":2609,"date":"2020-07-11T15:19:18","date_gmt":"2020-07-11T13:19:18","guid":{"rendered":"http:\/\/www.ecolelacroisette.be\/?page_id=2609"},"modified":"2025-07-22T11:07:27","modified_gmt":"2025-07-22T09:07:27","slug":"materiel-scolaire","status":"publish","type":"page","link":"https:\/\/www.ecolelacroisette.be\/index.php\/materiel-scolaire\/","title":{"rendered":"Mat\u00e9riel scolaire"},"content":{"rendered":"\n<p style=\"font-size:19px\">Listes du mat\u00e9riel, sections maternelle et primaire, 2025-26:<\/p>\n\n\n\n<div class=\"wp-block-file\"><a href=\"http:\/\/www.ecolelacroisette.be\/wp-content\/uploads\/2025\/07\/MAT-SCOL-MAT-25-26.pdf\" target=\"_blank\" rel=\"noreferrer noopener\">Mat\u00e9riel Scolaire Maternelle, 2025-26<\/a><a href=\"http:\/\/www.ecolelacroisette.be\/wp-content\/uploads\/2025\/07\/MAT-SCOL-MAT-25-26.pdf\" class=\"wp-block-file__button\" download>T\u00e9l\u00e9charger<\/a><\/div>\n\n\n\n<div class=\"wp-block-file\"><a href=\"http:\/\/www.ecolelacroisette.be\/wp-content\/uploads\/2025\/07\/MAT-SCOL-P1-2.pdf\" target=\"_blank\" rel=\"noreferrer noopener\">Mat\u00e9riel Scolaire P1-2, 2025-26<\/a><a href=\"http:\/\/www.ecolelacroisette.be\/wp-content\/uploads\/2025\/07\/MAT-SCOL-P1-2.pdf\" class=\"wp-block-file__button\" download>T\u00e9l\u00e9charger<\/a><\/div>\n\n\n\n<div class=\"wp-block-file\"><a href=\"http:\/\/www.ecolelacroisette.be\/wp-content\/uploads\/2025\/07\/MAT-SCOL-P3.pdf\">Mat\u00e9riel Scolaire P3, 2025-26<\/a><a href=\"http:\/\/www.ecolelacroisette.be\/wp-content\/uploads\/2025\/07\/MAT-SCOL-P3.pdf\" class=\"wp-block-file__button\" download>T\u00e9l\u00e9charger<\/a><\/div>\n\n\n\n<div class=\"wp-block-file\"><a href=\"http:\/\/www.ecolelacroisette.be\/wp-content\/uploads\/2025\/07\/MAT-SCOL-P4.pdf\" target=\"_blank\" rel=\"noreferrer noopener\"><br>Mat\u00e9riel Scolaire P4, 2025-26<\/a><a href=\"http:\/\/www.ecolelacroisette.be\/wp-content\/uploads\/2025\/07\/MAT-SCOL-P4.pdf\" class=\"wp-block-file__button\" download>T\u00e9l\u00e9charger<\/a><\/div>\n\n\n\n<div class=\"wp-block-file\"><a href=\"http:\/\/www.ecolelacroisette.be\/wp-content\/uploads\/2025\/07\/MAT-SCOL-P5-6-25-26.pdf\" target=\"_blank\" rel=\"noreferrer noopener\">Mat\u00e9riel Scolaire P5-6, 2025-26<\/a><a href=\"http:\/\/www.ecolelacroisette.be\/wp-content\/uploads\/2025\/07\/MAT-SCOL-P5-6-25-26.pdf\" class=\"wp-block-file__button\" download>T\u00e9l\u00e9charger<\/a><\/div>\n\n\n\n<p><\/p>\n\n\n\n<p>Notre \u00e9tablissement scolaire respecte le cadre l\u00e9gal pr\u00e9vu<br>en mati\u00e8re de gratuit\u00e9.  Pour tout renseignement : d\u00e9cret portant les livres 1er et 2 du Code de l&rsquo;enseignement fondamental et de l&rsquo;enseignement secondaire, et mettant en place le tronc commun (D. 03-05-2019, M.B. 19-09-2019), CHAPITRE II. &#8211; De la gratuit\u00e9 (pages 79 \u00e0 84), article 1.7.2-1., article 1.7.2-2., article 1.7.2-3., article 1.7.2-4. article 1.7.2-5., article 1.7.2-6., article 1.7.2-7.) : <a href=\"https:\/\/www.gallilex.cfwb.be\/document\/pdf\/47165_000.pdf\">https:\/\/www.gallilex.cfwb.be\/document\/pdf\/47165_000.pdf<\/a><\/p>\n","protected":false},"excerpt":{"rendered":"<p>Listes du mat\u00e9riel, sections maternelle et primaire, 2025-26: Notre \u00e9tablissement scolaire respecte le cadre l\u00e9gal pr\u00e9vuen mati\u00e8re de gratuit\u00e9. Pour tout renseignement : d\u00e9cret portant les livres 1er et 2 du Code de l&rsquo;enseignement fondamental et de l&rsquo;enseignement secondaire, et mettant en place le tronc commun (D. 03-05-2019, M.B. 19-09-2019), CHAPITRE II. &#8211; De la&hellip;<\/p>\n","protected":false},"author":2,"featured_media":0,"parent":0,"menu_order":0,"comment_status":"closed","ping_status":"closed","template":"","meta":[],"_links":{"self":[{"href":"https:\/\/www.ecolelacroisette.be\/index.php\/wp-json\/wp\/v2\/pages\/2609"}],"collection":[{"href":"https:\/\/www.ecolelacroisette.be\/index.php\/wp-json\/wp\/v2\/pages"}],"about":[{"href":"https:\/\/www.ecolelacroisette.be\/index.php\/wp-json\/wp\/v2\/types\/page"}],"author":[{"embeddable":true,"href":"https:\/\/www.ecolelacroisette.be\/index.php\/wp-json\/wp\/v2\/users\/2"}],"replies":[{"embeddable":true,"href":"https:\/\/www.ecolelacroisette.be\/index.php\/wp-json\/wp\/v2\/comments?post=2609"}],"version-history":[{"count":31,"href":"https:\/\/www.ecolelacroisette.be\/index.php\/wp-json\/wp\/v2\/pages\/2609\/revisions"}],"predecessor-version":[{"id":189793,"href":"https:\/\/www.ecolelacroisette.be\/index.php\/wp-json\/wp\/v2\/pages\/2609\/revisions\/189793"}],"wp:attachment":[{"href":"https:\/\/www.ecolelacroisette.be\/index.php\/wp-json\/wp\/v2\/media?parent=2609"}],"curies":[{"name":"wp","href":"https:\/\/api.w.org\/{rel}","templated":true}]}}