{"id":184724,"date":"2023-08-13T13:45:57","date_gmt":"2023-08-13T11:45:57","guid":{"rendered":"http:\/\/www.ecolelacroisette.be\/?page_id=184724"},"modified":"2023-08-13T13:49:08","modified_gmt":"2023-08-13T11:49:08","slug":"reglement-des-etudes-2023-24-et-suivantes","status":"publish","type":"page","link":"https:\/\/www.ecolelacroisette.be\/index.php\/reglement-des-etudes-2023-24-et-suivantes\/","title":{"rendered":"R\u00e8glement des \u00e9tudes"},"content":{"rendered":"\n<div class=\"wp-block-file\"><a href=\"http:\/\/www.ecolelacroisette.be\/wp-content\/uploads\/2023\/08\/Reglement-des-etudes-mise-a-jour-mars-2023.pdf\">R\u00e8glement des \u00e9tudes, mise \u00e0 jour mars 2023<\/a><a href=\"http:\/\/www.ecolelacroisette.be\/wp-content\/uploads\/2023\/08\/Reglement-des-etudes-mise-a-jour-mars-2023.pdf\" class=\"wp-block-file__button\" download>T\u00e9l\u00e9charger<\/a><\/div>\n","protected":false},"excerpt":{"rendered":"","protected":false},"author":1,"featured_media":0,"parent":0,"menu_order":0,"comment_status":"closed","ping_status":"closed","template":"","meta":[],"_links":{"self":[{"href":"https:\/\/www.ecolelacroisette.be\/index.php\/wp-json\/wp\/v2\/pages\/184724"}],"collection":[{"href":"https:\/\/www.ecolelacroisette.be\/index.php\/wp-json\/wp\/v2\/pages"}],"about":[{"href":"https:\/\/www.ecolelacroisette.be\/index.php\/wp-json\/wp\/v2\/types\/page"}],"author":[{"embeddable":true,"href":"https:\/\/www.ecolelacroisette.be\/index.php\/wp-json\/wp\/v2\/users\/1"}],"replies":[{"embeddable":true,"href":"https:\/\/www.ecolelacroisette.be\/index.php\/wp-json\/wp\/v2\/comments?post=184724"}],"version-history":[{"count":2,"href":"https:\/\/www.ecolelacroisette.be\/index.php\/wp-json\/wp\/v2\/pages\/184724\/revisions"}],"predecessor-version":[{"id":184727,"href":"https:\/\/www.ecolelacroisette.be\/index.php\/wp-json\/wp\/v2\/pages\/184724\/revisions\/184727"}],"wp:attachment":[{"href":"https:\/\/www.ecolelacroisette.be\/index.php\/wp-json\/wp\/v2\/media?parent=184724"}],"curies":[{"name":"wp","href":"https:\/\/api.w.org\/{rel}","templated":true}]}}