{"id":183153,"date":"2023-02-05T12:14:01","date_gmt":"2023-02-05T11:14:01","guid":{"rendered":"http:\/\/www.ecolelacroisette.be\/?page_id=183153"},"modified":"2023-08-13T13:35:21","modified_gmt":"2023-08-13T11:35:21","slug":"decret_missions_gratuite","status":"publish","type":"page","link":"https:\/\/www.ecolelacroisette.be\/index.php\/decret_missions_gratuite\/","title":{"rendered":"Gratuit\u00e9"},"content":{"rendered":"\n<p>Notre \u00e9tablissement scolaire respecte le cadre l\u00e9gal pr\u00e9vu<br>en mati\u00e8re de gratuit\u00e9.<br>Pour tout renseignement :<br>d\u00e9cret portant les livres 1er et 2 du Code de l&rsquo;enseignement<br>fondamental et de l&rsquo;enseignement secondaire, et mettant en place le<br>tronc commun (D. 03-05-2019, M.B. 19-09-2019), CHAPITRE II. &#8211; De la<br>gratuit\u00e9 (pages 79 \u00e0 84), Article 1.7.2-1., Article 1.7.2-2., Article 1.7.2-<br>3., Article 1.7.2-4. Article 1.7.2-5., Article 1.7.2-6., Article 1.7.2-7.)<\/p>\n\n\n\n<p><a href=\"https:\/\/www.gallilex.cfwb.be\/document\/pdf\/47165_000.pdf\">https:\/\/www.gallilex.cfwb.be\/document\/pdf\/47165_000.pdf<\/a><\/p>\n","protected":false},"excerpt":{"rendered":"<p>Notre \u00e9tablissement scolaire respecte le cadre l\u00e9gal pr\u00e9vuen mati\u00e8re de gratuit\u00e9.Pour tout renseignement :d\u00e9cret portant les livres 1er et 2 du Code de l&rsquo;enseignementfondamental et de l&rsquo;enseignement secondaire, et mettant en place letronc commun (D. 03-05-2019, M.B. 19-09-2019), CHAPITRE II. &#8211; De lagratuit\u00e9 (pages 79 \u00e0 84), Article 1.7.2-1., Article 1.7.2-2., Article 1.7.2-3., Article 1.7.2-4.&hellip;<\/p>\n","protected":false},"author":2,"featured_media":0,"parent":0,"menu_order":0,"comment_status":"closed","ping_status":"closed","template":"","meta":[],"_links":{"self":[{"href":"https:\/\/www.ecolelacroisette.be\/index.php\/wp-json\/wp\/v2\/pages\/183153"}],"collection":[{"href":"https:\/\/www.ecolelacroisette.be\/index.php\/wp-json\/wp\/v2\/pages"}],"about":[{"href":"https:\/\/www.ecolelacroisette.be\/index.php\/wp-json\/wp\/v2\/types\/page"}],"author":[{"embeddable":true,"href":"https:\/\/www.ecolelacroisette.be\/index.php\/wp-json\/wp\/v2\/users\/2"}],"replies":[{"embeddable":true,"href":"https:\/\/www.ecolelacroisette.be\/index.php\/wp-json\/wp\/v2\/comments?post=183153"}],"version-history":[{"count":3,"href":"https:\/\/www.ecolelacroisette.be\/index.php\/wp-json\/wp\/v2\/pages\/183153\/revisions"}],"predecessor-version":[{"id":184716,"href":"https:\/\/www.ecolelacroisette.be\/index.php\/wp-json\/wp\/v2\/pages\/183153\/revisions\/184716"}],"wp:attachment":[{"href":"https:\/\/www.ecolelacroisette.be\/index.php\/wp-json\/wp\/v2\/media?parent=183153"}],"curies":[{"name":"wp","href":"https:\/\/api.w.org\/{rel}","templated":true}]}}